{"id":3612,"date":"2021-08-27T12:49:49","date_gmt":"2021-08-27T10:49:49","guid":{"rendered":"https:\/\/www.minervamed.it\/privacy-policy\/"},"modified":"2022-09-16T08:02:17","modified_gmt":"2022-09-16T06:02:17","slug":"privacy-policy","status":"publish","type":"page","link":"https:\/\/minervamed.it\/en\/privacy-policy\/","title":{"rendered":"Privacy Policy"},"content":{"rendered":"<p>[et_pb_section fb_built=&#8221;1&#8243; disabled_on=&#8221;off|off|off&#8221; _builder_version=&#8221;4.16&#8243; background_color=&#8221;#FFFFFF&#8221; background_enable_image=&#8221;off&#8221; position_origin_a=&#8221;center_center&#8221; position_origin_r=&#8221;bottom_left&#8221; vertical_offset=&#8221;0px&#8221; module_alignment=&#8221;center&#8221; custom_margin=&#8221;0px||||false|false&#8221; custom_padding=&#8221;0px||0px||false|false&#8221; global_colors_info=&#8221;{}&#8221;][et_pb_row disabled_on=&#8221;off|on|on&#8221; _builder_version=&#8221;4.16&#8243; _module_preset=&#8221;default&#8221; width=&#8221;90%&#8221; max_width=&#8221;90%&#8221; global_colors_info=&#8221;{}&#8221;][et_pb_column type=&#8221;4_4&#8243; _builder_version=&#8221;4.16&#8243; _module_preset=&#8221;default&#8221; global_colors_info=&#8221;{}&#8221;][\/et_pb_column][\/et_pb_row][\/et_pb_section][et_pb_section fb_built=&#8221;1&#8243; prev_background_color=&#8221;#FFFFFF&#8221; next_background_color=&#8221;#ffffff&#8221; admin_label=&#8221;Call to Action&#8221; module_id=&#8221;prescriva&#8221; _builder_version=&#8221;4.16&#8243; background_color=&#8221;rgba(249,198,22,0.25)&#8221; custom_margin=&#8221;||||false|false&#8221; custom_padding=&#8221;90px|0px|90px|0px|false|false&#8221; top_divider_style=&#8221;wave2&#8243; top_divider_color_tablet=&#8221;&#8221; top_divider_color_phone=&#8221;&#8221; top_divider_color_last_edited=&#8221;on|desktop&#8221; bottom_divider_style=&#8221;wave2&#8243; scroll_fade_enable=&#8221;on&#8221; locked=&#8221;off&#8221; global_colors_info=&#8221;{}&#8221;][et_pb_row _builder_version=&#8221;4.16&#8243; width_tablet=&#8221;&#8221; width_phone=&#8221;90%&#8221; width_last_edited=&#8221;on|phone&#8221; custom_padding=&#8221;3px||2px|||&#8221; use_custom_width=&#8221;on&#8221; custom_width_px=&#8221;700px&#8221; global_colors_info=&#8221;{}&#8221;][et_pb_column type=&#8221;4_4&#8243; _builder_version=&#8221;4.16&#8243; custom_padding=&#8221;|||&#8221; global_colors_info=&#8221;{}&#8221; custom_padding__hover=&#8221;|||&#8221;][et_pb_text _builder_version=&#8221;4.16&#8243; text_font=&#8221;||||||||&#8221; header_font=&#8221;||||||||&#8221; header_2_font=&#8221;||||||||&#8221; header_2_text_color=&#8221;gcid-a638a53c-563a-43e4-9a05-a93dc4f1d2ed&#8221; header_2_font_size=&#8221;36px&#8221; header_2_line_height=&#8221;1.3em&#8221; text_orientation=&#8221;center&#8221; custom_margin=&#8221;||0px|||&#8221; animation_style=&#8221;slide&#8221; animation_direction=&#8221;top&#8221; animation_intensity_slide=&#8221;5%&#8221; header_2_font_size_tablet=&#8221;36px&#8221; header_2_font_size_phone=&#8221;26px&#8221; header_2_font_size_last_edited=&#8221;on|phone&#8221; locked=&#8221;off&#8221; global_colors_info=&#8221;{%22gcid-a638a53c-563a-43e4-9a05-a93dc4f1d2ed%22:%91%22header_2_text_color%22%93}&#8221;]<\/p>\n<h2><span>Privacy Policy<\/span><\/h2>\n<div id=\"gtx-trans\" style=\"position: absolute; left: 12px; top: 51.9062px;\">\n<div class=\"gtx-trans-icon\"><\/div>\n<\/div>\n<p>[\/et_pb_text][\/et_pb_column][\/et_pb_row][\/et_pb_section][et_pb_section fb_built=&#8221;1&#8243; admin_label=&#8221;Call to Action&#8221; module_id=&#8221;prescriva&#8221; _builder_version=&#8221;4.16&#8243; custom_margin=&#8221;||||false|false&#8221; custom_padding=&#8221;50px|0px|2px|0px|false|false&#8221; locked=&#8221;off&#8221; global_colors_info=&#8221;{}&#8221;][et_pb_row _builder_version=&#8221;4.16&#8243; width_tablet=&#8221;&#8221; width_phone=&#8221;90%&#8221; width_last_edited=&#8221;on|phone&#8221; custom_padding=&#8221;3px||2px|||&#8221; use_custom_width=&#8221;on&#8221; custom_width_px=&#8221;700px&#8221; global_colors_info=&#8221;{}&#8221;][et_pb_column type=&#8221;4_4&#8243; _builder_version=&#8221;4.16&#8243; custom_padding=&#8221;|||&#8221; global_colors_info=&#8221;{}&#8221; custom_padding__hover=&#8221;|||&#8221;][et_pb_text _builder_version=&#8221;4.18.0&#8243; text_font=&#8221;||||||||&#8221; text_font_size=&#8221;16px&#8221; header_font=&#8221;||||||||&#8221; header_2_font=&#8221;||||||||&#8221; header_2_font_size=&#8221;36px&#8221; header_2_line_height=&#8221;1.3em&#8221; custom_margin=&#8221;||10px&#8221; animation_direction=&#8221;top&#8221; hover_enabled=&#8221;0&#8243; header_2_font_size_tablet=&#8221;36px&#8221; header_2_font_size_phone=&#8221;26px&#8221; header_2_font_size_last_edited=&#8221;on|phone&#8221; locked=&#8221;off&#8221; global_colors_info=&#8221;{}&#8221; sticky_enabled=&#8221;0&#8243;]<\/p>\n<p style=\"font-weight: 400;\">INFORMAZIONI SUL TRATTAMENTO DEI DATI PERSONALI<\/p>\n<p style=\"font-weight: 400;\">degli utenti che consultano il presente sito web ai sensi dell&#8217;articolo 13 del Regolamento (UE) 2016\/679 (GDPR)<\/p>\n<p style=\"font-weight: 400;\">\n<p style=\"font-weight: 400;\">Questa pagina descrive, ai sensi del Regolamento (UE) 2016\/679, le modalit\u00e0 di trattamento dei Dati Personali degli utenti raccolti durante la navigazione del presente Sito <strong><em>www.<span>minervamed.it<\/span><\/em><\/strong> o conferiti direttamente dall\u2019interessato attraverso la compilazione di moduli e indirizzi di contatto.<\/p>\n<p style=\"font-weight: 400;\">Le presenti informazioni non riguardano altri siti, pagine o servizi online raggiungibili tramite link ipertestuali eventualmente pubblicati nel sito ma riferiti a risorse esterne al presente sito.<\/p>\n<ol>\n<li><strong> <\/strong><strong>Titolare del Trattamento dei Dati<\/strong><\/li>\n<\/ol>\n<p style=\"font-weight: 400;\">Titolare del trattamento \u00e8 Minerva Medica S.r.l \u2013 Via del Corallo 1\/3, 80055 Portici (NA) \u2013 C.F. e P.IVA 07576851211- Telefono +39 081 7753029 Email <a href=\"mailto:info@minervamed.it\">info@minervamed.it<\/a><\/p>\n<ol start=\"2\">\n<li><strong> <\/strong><strong>Considerazioni e valutazione per l\u2019adozione del Responsabile della protezione dei dati<\/strong><\/li>\n<\/ol>\n<p style=\"font-weight: 400;\">Minerva Medica S.r.l., Titolare del Trattamento, ha valutato che la societ\u00e0 non rientra nelle casistiche di cogenza per la designazione del Responsabile della Protezione dei dati personali (RDP o anche DPO), e quindi non ne effettuer\u00e0 la individuazione e designazione.<\/p>\n<ol start=\"3\">\n<li><strong> <\/strong><strong>Tipologie di Dati raccolti \u2013 Finalit\u00e0 \u2013 Base giuridica<\/strong><\/li>\n<\/ol>\n<p style=\"font-weight: 400;\"><strong>\u00a0<\/strong><\/p>\n<ul>\n<li><strong><em> <\/em><\/strong><strong>MODULO \u201cCONTATTI\u201d e \u201cVALUTA\u201d \u2013 <em>Dati conferiti direttamente dall\u2019interessato attraverso la compilazione e l\u2019invio dei moduli di contatto e valutazione.<\/em><\/strong> L&#8217;invio esplicito e volontario di messaggi agli indirizzi di contatto, nonch\u00e9 la compilazione e l&#8217;inoltro dei moduli presenti sul sito, comportano l&#8217;acquisizione dei dati di contatto del mittente, nonch\u00e9 di tutti i dati personali inclusi nelle comunicazioni.<\/li>\n<\/ul>\n<p style=\"font-weight: 400;\">Tali dati vengono trattati per le seguenti finalit\u00e0 e nel rispetto delle relative basi giuridiche del trattamento, per un periodo di conservazione non superiore a quello necessario agli scopi per i quali sono stati raccolti e trattati.<\/p>\n<ul>\n<li><em>Finalit\u00e0<\/em>: rispondere alle richieste inviate dall\u2019interessato;<\/li>\n<\/ul>\n<p style=\"font-weight: 400;\"><em>Base Giuridica<\/em>: legittimo interesse, il trattamento \u00e8 necessario per rispondere alle richieste; per l\u2019esecuzione di misure precontrattuali adottate su richiesta dell\u2019interessato.<\/p>\n<p style=\"font-weight: 400;\">\n<ul>\n<li><strong><em> <\/em><\/strong><strong>COMMENTI AI CONTENUTI DEL BLOG ATTRAVERSO LA COMPILAZIONE DEL MODULO \u201cINVIA UN COMMENTO\u201d &#8211; <em>Dati conferiti direttamente dall\u2019interessato attraverso la compilazione e l\u2019invio di un commento per lasciare un messaggio ad un articolo del blog.<\/em><\/strong> La compilazione facoltativa, esplicita e volontaria di un commento ad un articolo del blog presente in questo sito, comporta l&#8217;acquisizione dei dati di contatto del mittente, nonch\u00e9 di tutti i dati personali inclusi nel commento e la possibilit\u00e0 di pubblicare i commenti degli interessati riguardanti i contenuti del blog presente sul sito. Gli Utenti sono responsabili del contenuto dei propri commenti.<\/li>\n<\/ul>\n<p style=\"font-weight: 400;\">Tali dati vengono trattati per le seguenti finalit\u00e0 e nel rispetto delle relative basi giuridiche del trattamento, per un periodo di conservazione non superiore a quello necessario agli scopi per i quali sono stati raccolti e trattati.<\/p>\n<ul>\n<li><em>Finalit\u00e0<\/em>: rispondere ai commenti<\/li>\n<\/ul>\n<p style=\"font-weight: 400;\"><em>Base Giuridica<\/em>: legittimo interesse ad erogare il servizio proposto<\/p>\n<p style=\"font-weight: 400;\">\n<ul>\n<li><em>Finalit\u00e0<\/em>: rispondere alle eventuali richieste inviate dall\u2019interessato tramite i commenti al blog<\/li>\n<\/ul>\n<p style=\"font-weight: 400;\"><em>Base Giuridica<\/em>: legittimo interesse, il trattamento \u00e8 necessario all\u2019esecuzione di misure precontrattuali adottate su richiesta dell\u2019interessato<\/p>\n<p style=\"font-weight: 400;\">\n<ul>\n<li><em>Finalit\u00e0: <\/em>inviare informazioni promozionali dirette allo svolgimento di attivit\u00e0 di marketing.<\/li>\n<\/ul>\n<p style=\"font-weight: 400;\"><em>Base Giuridica<\/em>: consenso dell\u2019interessato<\/p>\n<p style=\"font-weight: 400;\">\n<ul>\n<li><strong><em> <\/em><\/strong><strong>MODULI PRESENTI NELLA SEZIONE LAVORA CON NOI: \u201cINVIA CANDIDATURA\u201d PER POSIZIONI APERTE E \u201cCANDIDATURA SPONTANEA\u201d <span><\/span>\u2013 <em>Dati conferiti direttamente dall\u2019interessato attraverso la compilazione del modulo di autocandidatura e l\u2019invio del CV.<\/em><\/strong> La compilazione e l&#8217;inoltro del modulo presente sul sito comporta l&#8217;acquisizione dei dati di contatto del mittente, nonch\u00e9 di tutti i dati personali inclusi nel curriculum allegato.<\/li>\n<\/ul>\n<p style=\"font-weight: 400;\">Sebbene per l\u2019invio spontaneo di un curriculum vitae non occorre il consenso al trattamento dei \u201cdati comuni&#8221;, resta necessario il consenso al trattamento di dati appartenenti alle categorie particolari di cui all\u2019art. 9 del Regolamento UE 2016\/679 (ovvero dati personali idonei a rivelare l&#8217;origine razziale ed etnica, le convinzioni religiose, filosofiche o di altro genere, le opinioni politiche, l&#8217;adesione a partiti, sindacati, associazioni od organizzazioni a carattere religioso, filosofico, politico o sindacale, nonch\u00e9 i dati personali idonei a rivelare lo stato di salute e la vita sessuale), che potrebbero essere contenuti nel Curriculum Vitae. Il candidato \u00e8 informato che detta raccolta riguarder\u00e0 solo i \u201cdati particolari\u201d che siano rilevanti ai fini della valutazione della attitudine professionale dell\u2019interessato, nei limiti in cui l&#8217;acquisizione di tali informazioni sia strettamente indispensabile all&#8217;instaurazione del rapporto di lavoro o di collaborazione e non contrasti con le previsioni della Legge n. 300\/1970 (cd. Statuto dei lavoratori), della Legge n. 135\/1990 e con le norme in materia di pari opportunit\u00e0 o volte a prevenire discriminazioni. Questi dati vengono trattati per le seguenti finalit\u00e0 e nel rispetto delle relative basi giuridiche del trattamento, per un periodo di conservazione non superiore a quello necessario agli scopi per i quali sono stati raccolti e trattati. L\u2019interessato \u00e8 informato che con l\u2019invio spontaneo del modulo e del Suo Curriculum Vitae allegato allo stesso, egli presta il proprio consenso affinch\u00e9 il Titolare effettui il trattamento dei dati e le comunicazioni dei dati personali comuni e particolari ai soggetti e per le finalit\u00e0 indicati nella presente informativa.<\/p>\n<ul>\n<li><em>Finalit\u00e0<\/em>: rispondere alle richieste inviate dall\u2019interessato tramite il modulo di auto-candidatura, valutazione del profilo, delle attitudini e delle capacit\u00e0 professionali, reclutamento e selezione del personale diretto all\u2019instaurazione di un rapporto di lavoro o di collaborazione con il Titolare.<\/li>\n<\/ul>\n<p style=\"font-weight: 400;\"><em>Base Giuridica<\/em>: legittimo interesse, il trattamento \u00e8 necessario per valutare e rispondere alla candidatura; per l\u2019esecuzione di misure precontrattuali adottate su richiesta dell\u2019interessato.<\/p>\n<p style=\"font-weight: 400;\">\n<ul>\n<li><strong><em> <\/em><\/strong><strong><em>Dati di navigazione del sito web<\/em><\/strong><\/li>\n<\/ul>\n<p style=\"font-weight: 400;\">Il presente sito, per il suo corretto funzionamento, acquisisce durante la normale navigazione alcuni dati personali, tra cui gli indirizzi IP o i nomi a dominio dei computer utilizzati dagli utenti che si connettono al sito, gli indirizzi in notazione URI (Uniform Resource Identifier) delle risorse richieste, l&#8217;orario della richiesta, il metodo utilizzato nel sottoporre la richiesta al server, la dimensione del file ottenuto in risposta, il codice numerico indicante lo stato della risposta data dal server (buon fine, errore, ecc.) e altri parametri relativi al sistema operativo e all&#8217;ambiente informatico dell&#8217;utente. I dati di navigazione vengono acquisiti non per finalit\u00e0 di identificazione degli utenti, ma all\u2019unico fine di raccogliere, in forma anonima, informazioni statistiche sull\u2019utilizzo del sito e dei suoi servizi.<\/p>\n<p style=\"font-weight: 400;\">\n<ul>\n<li><strong><em> <\/em><\/strong><strong><em>Cookie<\/em><\/strong><\/li>\n<\/ul>\n<p style=\"font-weight: 400;\">I cookie sono stringhe di testo di piccole dimensioni che i siti visitati dall\u2019utente inviano al suo terminale (solitamente al browser), dove vengono memorizzati per essere poi ritrasmessi agli stessi siti alla successiva visita del medesimo utente. Nel corso della navigazione su un sito, l\u2019utente pu\u00f2 ricevere sul suo terminale anche cookie che vengono inviati da siti o da web server diversi (c.d. \u201cterze parti\u201d), sui quali possono risiedere alcuni elementi (quali, ad esempio, immagini, mappe, suoni, specifici link a pagine di altri domini) presenti sul sito che lo stesso sta visitando. I cookie, solitamente presenti nei browser degli utenti in numero molto elevato e a volte anche con caratteristiche di ampia persistenza temporale, sono usati per differenti finalit\u00e0: esecuzione di autenticazioni informatiche, monitoraggio di sessioni, memorizzazione di informazioni su specifiche configurazioni riguardanti gli utenti che accedono al server, ecc. Al riguardo, e ai fini del presente provvedimento, si individuano pertanto due macro-categorie: cookie \u201ctecnici\u201d e cookie \u201cdi profilazione\u201d. Per approfondimenti si rimanda alla <u>Cookie Policy<\/u><\/p>\n<p style=\"font-weight: 400;\">\n<p style=\"font-weight: 400;\">\n<ol start=\"4\">\n<li><strong> <\/strong><strong>Condivisione dei contenuti del sito web attraverso i Social Network<\/strong><\/li>\n<\/ol>\n<p style=\"font-weight: 400;\">Nel caso in cui l\u2019utente decida di condividere alcuni contenuti del sito tramite uno o pi\u00f9 social network, e se l\u2019utente ha attivato la condivisione di dati del suo account con applicazioni di terze parti, il presente sito potrebbe raccogliere e comunicare alcune informazioni del suo account ai social network con cui si effettua la condivisione. L\u2019utente pu\u00f2 disattivare la condivisione di dati del suo account con applicazioni di terze parti accedendo alle impostazioni del suo account. Per maggiori informazioni \u00e8 possibile consultare il sito internet dei social network ai quali \u00e8 iscritto.<\/p>\n<p style=\"font-weight: 400;\">\n<ol start=\"5\">\n<li><strong> <\/strong><strong>Link di collegamento con siti web Esterni<\/strong><\/li>\n<\/ol>\n<p style=\"font-weight: 400;\">All\u2019interno del sito web ed in particolare nel footer della home page<span>\u00a0 <\/span>dove \u00e8 prevista la sezione \u201cAntonio Pesacane Design\u201d e nella sezione \u201cProdotti\u201d l\u2019utente pu\u00f2 trovare collegamenti con contenuti di siti esterni a cui \u00e8 possibile accedere attraverso link ipertestuali al solo scopo di fornire un servizio all\u2019utente facilitando la sua navigazione in rete.<\/p>\n<p style=\"font-weight: 400;\">Nel caso in cui l\u2019utente decida di accedere ai siti web esterni cliccando i link di collegamento le informazioni acquisite sono soggette alle impostazioni privacy dell\u2019Utente relative ad ogni sito web. Per maggiori informazioni \u00e8 consigliato consultare il relativo sito internet a cui si accede tramite il collegamento (<a href=\"http:\/\/www.antoniopesacane.it\/\">www.antoniopesacane.it<\/a>, <a href=\"http:\/\/www.docfarmacia.com\/\">www.docfarmacia.com<\/a>, www.linkedin.com).<\/p>\n<p style=\"font-weight: 400;\">\n<ol start=\"6\">\n<li><strong> <\/strong><strong>Categorie di destinatari dei dati personali<\/strong><\/li>\n<\/ol>\n<p style=\"font-weight: 400;\"><strong>\u00a0<\/strong><\/p>\n<p style=\"font-weight: 400;\">Le seguenti categorie di soggetti possono venire a conoscenza dei Suoi dati: Titolare e soggetti autorizzati al trattamento, nominati per iscritto dalla scrivente societ\u00e0 quali soci, addetti alla contabilit\u00e0 ed alla fatturazione, addetti commerciali oltre che soggetti consulenti, in qualit\u00e0 di responsabili esterni, nei limiti necessari per svolgere il loro incarico presso la nostra organizzazione, previo lettera di incarico e\/o stipula contratto che imponga il dovere di riservatezza e sicurezza, nonch\u00e9 soggetti che hanno necessit\u00e0 di accedere ai dati per consulenze legali, con finalit\u00e0 ausiliare al rapporto che intercorre tra le parti, quali l\u2019esecuzione dei contratti in atto, nei limiti strettamente necessari per svolgere i compiti ausiliari loro affidati.<\/p>\n<p style=\"font-weight: 400;\">\n<p style=\"font-weight: 400;\">Oltre al Titolare, in alcuni casi, potrebbero avere accesso ai Dati altri soggetti coinvolti nell\u2019organizzazione di questo Sito Web (personale amministrativo, commerciale, marketing, legali, amministratori di sistema) ovvero soggetti esterni (come fornitori di servizi tecnici terzi, corrieri postali, hosting provider, societ\u00e0 informatiche, agenzie di comunicazione) nominati anche, se necessario, Responsabili del Trattamento da parte del Titolare. L\u2019elenco aggiornato dei Responsabili potr\u00e0 sempre essere richiesto al Titolare del Trattamento.<\/p>\n<p style=\"font-weight: 400;\">\n<ol start=\"7\">\n<li><strong> <\/strong><strong>Modalit\u00e0 del trattamento<\/strong><\/li>\n<\/ol>\n<p style=\"font-weight: 400;\">Il trattamento dei dati avviene mediante l\u2019utilizzo di strumenti e procedure idonei a garantirne sicurezza e riservatezza e potr\u00e0 essere effettuato sia mediante supporti cartacei, sia attraverso l\u2019ausilio di mezzi informatici automatizzati, atti a memorizzare, gestire e trasmettere i dati stessi.<\/p>\n<p style=\"font-weight: 400;\">I Dati saranno trattati dal Titolare, presso le proprie sedi operative ovvero all\u2019interno del territorio dell\u2019Unione Europea e dello Spazio Economico Europeo. Qualora per ragioni di natura tecnica, organizzativa e\/o operativa si renda necessario avvalersi di soggetti (tra quelli indicati nel precedente elenco) ubicati al di fuori dell\u2019Unione Europea o dello Spazio Economico Europeo, si informa che la Societ\u00e0 assicurer\u00e0 che il trattamento dei dati da parte di questi soggetti avvenga nel rispetto della normativa applicabile. Pertanto, i trasferimenti verranno effettuati tramite adeguate garanzie, quali decisioni di adeguatezza, modelli di Clausole Contrattuali Standard approvate dalla Commissione Europea o altre garanzie considerate adeguate. L\u2019interessato potr\u00e0 richiedere maggiori informazioni scrivendo al seguente indirizzo di posta elettronica: <a href=\"mailto:info@minervamed.it\">info@minervamed.it<\/a><\/p>\n<p style=\"font-weight: 400;\">\n<ol start=\"8\">\n<li><strong> <\/strong><strong>Comunicazione e diffusione<\/strong><\/li>\n<\/ol>\n<p style=\"font-weight: 400;\">I dati non verranno diffusi a soggetti indeterminati mediante la loro messa a disposizione o consultazione.<\/p>\n<p style=\"font-weight: 400;\">I dati potranno essere comunicati, per quanto di loro rispettiva e specifica competenza, ad Enti ed in generale ad ogni soggetto pubblico o privato rispetto al quale vi sia per noi obbligo (o facolt\u00e0 riconosciuta da norme di legge o di normativa secondaria o comunitaria) o necessit\u00e0 di comunicazione.<\/p>\n<ol start=\"9\">\n<li><strong> <\/strong><strong>Diritti degli interessati<\/strong><\/li>\n<\/ol>\n<p style=\"font-weight: 400;\">Gli artt. dal 15 al 22 del GDPR UE 2016\/679 conferiscono agli interessati specifici diritti. In particolare, il diritto di ottenere conferma dell&#8217;esistenza o meno di dati personali, l\u2019accesso ai dati personali e la rettifica o la cancellazione degli stessi o la limitazione del trattamento che lo riguardano o di opporsi al loro trattamento, oltre al diritto alla portabilit\u00e0 dei dati, la comunicazione di tali dati e le finalit\u00e0 su cui si basa il trattamento. Inoltre, gli interessati hanno il diritto di ottenere la revoca del consenso in qualsiasi momento senza pregiudicare la liceit\u00e0 del trattamento basata sul consenso prestato prima della revoca, la trasformazione in forma anonima o il blocco dei dati trattati in violazione di legge, nonch\u00e9 l&#8217;aggiornamento o, qualora sussista un interesse in merito, l&#8217;integrazione dei dati. Gli interessati hanno il diritto di opporsi, per motivi legittimi, al trattamento stesso.<\/p>\n<p style=\"font-weight: 400;\">Le segnalazioni per ogni eventuale variazione dei dati personali devono pervenire tempestivamente al Responsabile del trattamento in modo da poter ottemperare all\u2019art. 16 della suddetta normativa, che richiede che i dati raccolti siano esatti e, quindi, aggiornati.<\/p>\n<p style=\"font-weight: 400;\">Gli interessati che ritengono che il trattamento dei dati personali a loro riferiti effettuato attraverso questo sito avvenga in violazione di quanto previsto dal Regolamento hanno il diritto di proporre reclamo a un\u2019autorit\u00e0 di controllo (per l\u2019Italia: Garante per la protezione dei dati personali <a href=\"https:\/\/www.garanteprivacy.it\/\">www.garanteprivacy.it<\/a>), come previsto dall&#8217;art. 77 del Regolamento stesso, o di adire le opportune sedi giudiziarie (art. 79 del Regolamento).<\/p>\n<p style=\"font-weight: 400;\">\n<p style=\"font-weight: 400;\">Privacy Policy redatta il 12\/08\/2022<\/p>\n<p style=\"font-weight: 400;\">\n<p>&nbsp;<\/p>\n<p>[\/et_pb_text][\/et_pb_column][\/et_pb_row][\/et_pb_section]<\/p>\n","protected":false},"excerpt":{"rendered":"<p>Privacy Policy INFORMAZIONI SUL TRATTAMENTO DEI DATI PERSONALI degli utenti che consultano il presente sito web ai sensi dell&#8217;articolo 13 del Regolamento (UE) 2016\/679 (GDPR) Questa pagina descrive, ai sensi del Regolamento (UE) 2016\/679, le modalit\u00e0 di trattamento dei Dati Personali degli utenti raccolti durante la navigazione del presente Sito www.minervamed.it o conferiti direttamente dall\u2019interessato [&hellip;]<\/p>\n","protected":false},"author":4,"featured_media":0,"parent":0,"menu_order":0,"comment_status":"closed","ping_status":"closed","template":"","meta":{"_et_pb_use_builder":"on","_et_pb_old_content":"","_et_gb_content_width":"","footnotes":""},"_links":{"self":[{"href":"https:\/\/minervamed.it\/en\/wp-json\/wp\/v2\/pages\/3612"}],"collection":[{"href":"https:\/\/minervamed.it\/en\/wp-json\/wp\/v2\/pages"}],"about":[{"href":"https:\/\/minervamed.it\/en\/wp-json\/wp\/v2\/types\/page"}],"author":[{"embeddable":true,"href":"https:\/\/minervamed.it\/en\/wp-json\/wp\/v2\/users\/4"}],"replies":[{"embeddable":true,"href":"https:\/\/minervamed.it\/en\/wp-json\/wp\/v2\/comments?post=3612"}],"version-history":[{"count":3,"href":"https:\/\/minervamed.it\/en\/wp-json\/wp\/v2\/pages\/3612\/revisions"}],"predecessor-version":[{"id":4470,"href":"https:\/\/minervamed.it\/en\/wp-json\/wp\/v2\/pages\/3612\/revisions\/4470"}],"wp:attachment":[{"href":"https:\/\/minervamed.it\/en\/wp-json\/wp\/v2\/media?parent=3612"}],"curies":[{"name":"wp","href":"https:\/\/api.w.org\/{rel}","templated":true}]}}